{"id":606,"date":"2024-03-25T16:09:34","date_gmt":"2024-03-25T16:09:34","guid":{"rendered":"https:\/\/socialfood.ro\/?page_id=606"},"modified":"2024-05-07T15:07:12","modified_gmt":"2024-05-07T15:07:12","slug":"doneaza-o-masa-calda","status":"publish","type":"page","link":"https:\/\/socialfood.ro\/en\/doneaza-o-masa-calda\/","title":{"rendered":"Donate a hot meal"},"content":{"rendered":"<div data-elementor-type=\"wp-page\" data-elementor-id=\"606\" class=\"elementor elementor-606\" data-elementor-post-type=\"page\">\n\t\t\t\t\t\t<section data-dce-background-overlay-color=\"#000000\" data-dce-background-image-url=\"https:\/\/socialfood.ro\/wp-content\/uploads\/2024\/03\/651d0b92099dae4b9fdd95b1_Frame-48097793.jpg\" class=\"elementor-section elementor-top-section elementor-element elementor-element-f663ff5 elementor-section-full_width elementor-section-content-middle elementor-section-height-default elementor-section-height-default\" data-id=\"f663ff5\" data-element_type=\"section\" data-settings=\"{&quot;background_background&quot;:&quot;classic&quot;}\">\n\t\t\t\t\t\t\t<div class=\"elementor-background-overlay\"><\/div>\n\t\t\t\t\t\t\t<div class=\"elementor-container elementor-column-gap-default\">\n\t\t\t\t\t<div class=\"elementor-column elementor-col-100 elementor-top-column elementor-element elementor-element-86301e4\" data-id=\"86301e4\" data-element_type=\"column\">\n\t\t\t<div class=\"elementor-widget-wrap elementor-element-populated\">\n\t\t\t\t\t\t<section class=\"elementor-section elementor-inner-section elementor-element elementor-element-81e1831 elementor-section-full_width elementor-section-height-default elementor-section-height-default\" data-id=\"81e1831\" data-element_type=\"section\">\n\t\t\t\t\t\t<div class=\"elementor-container elementor-column-gap-default\">\n\t\t\t\t\t<div class=\"elementor-column elementor-col-66 elementor-inner-column elementor-element elementor-element-75a6e2c\" data-id=\"75a6e2c\" data-element_type=\"column\">\n\t\t\t<div class=\"elementor-widget-wrap elementor-element-populated\">\n\t\t\t\t\t\t<div class=\"elementor-element elementor-element-80ee7f8 elementor-widget elementor-widget-heading\" data-id=\"80ee7f8\" data-element_type=\"widget\" data-widget_type=\"heading.default\">\n\t\t\t\t<div class=\"elementor-widget-container\">\n\t\t\t<h2 class=\"elementor-heading-title elementor-size-default\">Social Food<\/h2>\t\t<\/div>\n\t\t\t\t<\/div>\n\t\t\t\t<div class=\"elementor-element elementor-element-a9bacd9 elementor-widget elementor-widget-heading\" data-id=\"a9bacd9\" data-element_type=\"widget\" data-widget_type=\"heading.default\">\n\t\t\t\t<div class=\"elementor-widget-container\">\n\t\t\t<h2 class=\"elementor-heading-title elementor-size-default\">Help us provide a hot meal for vulnerable people<\/h2>\t\t<\/div>\n\t\t\t\t<\/div>\n\t\t\t\t<div class=\"elementor-element elementor-element-f98e0d4 elementor-widget elementor-widget-text-editor\" data-id=\"f98e0d4\" data-element_type=\"widget\" data-widget_type=\"text-editor.default\">\n\t\t\t\t<div class=\"elementor-widget-container\">\n\t\t\t\t\t\t\t<p>20 lei is one hot meal, 40 lei is two hot meals, 100 lei is 5 hot meals.<br \/><br \/>Your donations help us make a noticeable difference in people's lives. Thank you for every contribution to this cause and we continue to rely on it, as we have done for the past several years.<\/p>\t\t\t\t\t\t<\/div>\n\t\t\t\t<\/div>\n\t\t\t\t\t<\/div>\n\t\t<\/div>\n\t\t\t\t<div data-dce-background-color=\"#FFFFFF\" class=\"elementor-column elementor-col-33 elementor-inner-column elementor-element elementor-element-ede15b7\" data-id=\"ede15b7\" data-element_type=\"column\" data-settings=\"{&quot;background_background&quot;:&quot;classic&quot;}\">\n\t\t\t<div class=\"elementor-widget-wrap elementor-element-populated\">\n\t\t\t\t\t\t<div class=\"elementor-element elementor-element-b50cfef elementor-widget elementor-widget-shortcode\" data-id=\"b50cfef\" data-element_type=\"widget\" data-widget_type=\"shortcode.default\">\n\t\t\t\t<div class=\"elementor-widget-container\">\n\t\t\t\t\t<div class=\"elementor-shortcode\"><form data-wpfs-form-type=\"inline_donation\" data-wpfs-currency=\"RON\" data-wpfs-zero-decimal-support=\"false\" data-wpfs-currency-symbol=\"RON\" data-wpfs-amount-type=\"list_of_amounts\" data-wpfs-allow-list-of-amounts-custom=\"1\" data-wpfs-amount-selector-style=\"button-group\" action=\"\" method=\"post\" class=\"wpfs-form wpfs-w-60\" id=\"wpfs-form--NTRhYmY\" data-wpfs-form-id=\"Donatie\" data-wpfs-form-hash=\"NTRhYmY\" data-wpfs-show-terms-of-use=\"1\" data-wpfs-terms-of-use-not-checked-error-message=\"V\u0103 rug\u0103m s\u0103 accepta\u021bi Termenii de Utilizare\" data-wpfs-decimal-separator=\"dot\" data-wpfs-show-currency-symbol-instead-of-code=\"1\" data-wpfs-show-currency-sign-at-first-position=\"0\" data-wpfs-put-whitespace-between-currency-and-amount=\"1\" data-wpfs-preferred-language=\"auto\" data-trp-original-action=\"\">\n\t\t\t<input id=\"action--NTRhYmY\" name=\"action\" value=\"wp_full_stripe_inline_donation_charge\" type=\"hidden\">\n\t\t<input id=\"wpfs-form-name--NTRhYmY\" name=\"wpfs-form-name\" value=\"Donatie\" type=\"hidden\">\n\t\t<input id=\"wpfs-form-get-parameters--NTRhYmY\" name=\"wpfs-form-get-parameters\" value=\"\" type=\"hidden\">\n                <fieldset class=\"wpfs-form-check-group wpfs-button-group\">\n                                <legend class=\"wpfs-form-check-group-title\">Donation amount<\/legend>\n                                                    <div class=\"wpfs-button-group-row wpfs-button-group-row--fixed\">\n                                                                                <div class=\"wpfs-button-group-item\">\n                                <input id=\"wpfs-custom-amount--NTRhYmY--0\" name=\"wpfs-custom-amount\" type=\"radio\" class=\"wpfs-form-check-input wpfs-custom-amount\" value=\"20.00\" data-wpfs-button-title=\"Doneaz\u0103\" data-wpfs-currency=\"RON\" data-wpfs-zero-decimal-support=\"false\" data-wpfs-currency-symbol=\"RON\" data-wpfs-form-id=\"NTRhYmY\" data-wpfs-show-amount=\"0\" data-wpfs-amount-in-smallest-common-currency=\"2000\" data-wpfs-amount-index=\"0\">\n                                <label class=\"wpfs-btn wpfs-btn-outline-primary\" for=\"wpfs-custom-amount--NTRhYmY--0\">20 RON<\/label>\n                            <\/div>\n                                                                                <div class=\"wpfs-button-group-item\">\n                                <input id=\"wpfs-custom-amount--NTRhYmY--1\" name=\"wpfs-custom-amount\" type=\"radio\" class=\"wpfs-form-check-input wpfs-custom-amount\" value=\"40.00\" data-wpfs-button-title=\"Doneaz\u0103\" data-wpfs-currency=\"RON\" data-wpfs-zero-decimal-support=\"false\" data-wpfs-currency-symbol=\"RON\" data-wpfs-form-id=\"NTRhYmY\" data-wpfs-show-amount=\"0\" data-wpfs-amount-in-smallest-common-currency=\"4000\" data-wpfs-amount-index=\"1\">\n                                <label class=\"wpfs-btn wpfs-btn-outline-primary\" for=\"wpfs-custom-amount--NTRhYmY--1\">40 RON<\/label>\n                            <\/div>\n                                                                                <div class=\"wpfs-button-group-item\">\n                                <input id=\"wpfs-custom-amount--NTRhYmY--2\" name=\"wpfs-custom-amount\" type=\"radio\" class=\"wpfs-form-check-input wpfs-custom-amount\" value=\"100.00\" data-wpfs-button-title=\"Doneaz\u0103\" data-wpfs-currency=\"RON\" data-wpfs-zero-decimal-support=\"false\" data-wpfs-currency-symbol=\"RON\" data-wpfs-form-id=\"NTRhYmY\" data-wpfs-show-amount=\"0\" data-wpfs-amount-in-smallest-common-currency=\"10000\" data-wpfs-amount-index=\"2\">\n                                <label class=\"wpfs-btn wpfs-btn-outline-primary\" for=\"wpfs-custom-amount--NTRhYmY--2\">100 RON<\/label>\n                            <\/div>\n                                                                                <div class=\"wpfs-button-group-item\">\n                                <input id=\"wpfs-custom-amount--NTRhYmY--3\" name=\"wpfs-custom-amount\" type=\"radio\" class=\"wpfs-form-check-input wpfs-custom-amount\" value=\"200.00\" data-wpfs-button-title=\"Doneaz\u0103\" data-wpfs-currency=\"RON\" data-wpfs-zero-decimal-support=\"false\" data-wpfs-currency-symbol=\"RON\" data-wpfs-form-id=\"NTRhYmY\" data-wpfs-show-amount=\"0\" data-wpfs-amount-in-smallest-common-currency=\"20000\" data-wpfs-amount-index=\"3\">\n                                <label class=\"wpfs-btn wpfs-btn-outline-primary\" for=\"wpfs-custom-amount--NTRhYmY--3\">200 RON<\/label>\n                            <\/div>\n                                                                                <div class=\"wpfs-button-group-item\">\n                                <input id=\"wpfs-custom-amount--NTRhYmY--4\" name=\"wpfs-custom-amount\" type=\"radio\" class=\"wpfs-form-check-input wpfs-custom-amount\" value=\"other\" data-wpfs-button-title=\"Doneaz\u0103\" data-wpfs-currency=\"RON\" data-wpfs-zero-decimal-support=\"false\" data-wpfs-currency-symbol=\"RON\" data-wpfs-form-id=\"NTRhYmY\" data-wpfs-show-amount=\"0\">\n                                <label class=\"wpfs-btn wpfs-btn-outline-primary\" for=\"wpfs-custom-amount--NTRhYmY--4\">Other<\/label>\n                            <\/div>\n                                            <\/div>\n                            <\/fieldset>\n        \t\t\t\t\t<div class=\"wpfs-form-group wpfs-w-20\" data-wpfs-amount-row=\"custom-amount\" style=\"display: none;\">\n\t\t\t<label class=\"wpfs-sr-only\" for=\"wpfs-custom-amount-unique--NTRhYmY\">Amount<\/label>\n\t\t\t<div class=\"wpfs-input-group\">\n\t\t\t\t\t\t\t\t<input id=\"wpfs-custom-amount-unique--NTRhYmY\" name=\"wpfs-custom-amount-unique\" type=\"text\" class=\"wpfs-input-group-form-control wpfs-custom-amount--unique\" placeholder=\"\" data-wpfs-button-title=\"Doneaz\u0103\" data-wpfs-currency=\"RON\" data-wpfs-zero-decimal-support=\"false\" data-wpfs-currency-symbol=\"RON\" data-wpfs-form-id=\"NTRhYmY\" data-wpfs-show-amount=\"0\" disabled=\"1\">\n\t\t\t\t\t\t\t\t\t<div class=\"wpfs-input-group-append\">\n\t\t\t\t\t\t<span class=\"wpfs-input-group-text\">RON<\/span>\n\t\t\t\t\t<\/div>\n\t\t\t\t\t\t\t<\/div>\n\t\t<\/div>\n\t            <fieldset class=\"wpfs-form-check-group wpfs-button-group wpfs-button-group--without-space\">\n            <legend class=\"wpfs-form-check-group-title\">Donation frequency<\/legend>\n            <div class=\"wpfs-button-group-row\">\n                            <div class=\"wpfs-button-group-item\">\n                    <input id=\"wpfs-donation-frequency--NTRhYmY--0\" name=\"wpfs-donation-frequency\" type=\"radio\" class=\"wpfs-form-check-input\" value=\"one-time\" checked>\n                    <label for=\"wpfs-donation-frequency--NTRhYmY--0\" class=\"wpfs-btn wpfs-btn-outline-primary\">One-time<\/label>\n                <\/div>\n                            <div class=\"wpfs-button-group-item\">\n                    <input id=\"wpfs-donation-frequency--NTRhYmY--1\" name=\"wpfs-donation-frequency\" type=\"radio\" class=\"wpfs-form-check-input\" value=\"weekly\" >\n                    <label for=\"wpfs-donation-frequency--NTRhYmY--1\" class=\"wpfs-btn wpfs-btn-outline-primary\">Weekly<\/label>\n                <\/div>\n                            <div class=\"wpfs-button-group-item\">\n                    <input id=\"wpfs-donation-frequency--NTRhYmY--2\" name=\"wpfs-donation-frequency\" type=\"radio\" class=\"wpfs-form-check-input\" value=\"monthly\" >\n                    <label for=\"wpfs-donation-frequency--NTRhYmY--2\" class=\"wpfs-btn wpfs-btn-outline-primary\">Monthly<\/label>\n                <\/div>\n                            <div class=\"wpfs-button-group-item\">\n                    <input id=\"wpfs-donation-frequency--NTRhYmY--3\" name=\"wpfs-donation-frequency\" type=\"radio\" class=\"wpfs-form-check-input\" value=\"annual\" >\n                    <label for=\"wpfs-donation-frequency--NTRhYmY--3\" class=\"wpfs-btn wpfs-btn-outline-primary\">Annual<\/label>\n                <\/div>\n                        <\/div>\n        <\/fieldset>\n                        \t\t\t\t    \t\t\t\t\t\t\t                <div class=\"wpfs-form-group\">\n            <label class=\"wpfs-form-label\" for=\"wpfs-card-holder-email--NTRhYmY\">E-mail address<\/label>\n            <input id=\"wpfs-card-holder-email--NTRhYmY\" name=\"wpfs-card-holder-email\" type=\"email\" class=\"wpfs-form-control\" value=\"\">\n        <\/div>\n                    <div class=\"wpfs-form-group\">\n            <label class=\"wpfs-form-label\" for=\"wpfs-card-holder-name--NTRhYmY\">Cardholder's name<\/label>\n            <input id=\"wpfs-card-holder-name--NTRhYmY\" name=\"wpfs-card-holder-name\" type=\"text\" class=\"wpfs-form-control\">\n        <\/div>\n    \t\t\t\t<div class=\"wpfs-form-group\">\n\t\t\t<label class=\"wpfs-form-label\" for=\"cardnumber--NTRhYmY\">Card info<\/label>\n\t\t\t<div class=\"wpfs-form-control\" id=\"cardnumber--NTRhYmY\" data-toggle=\"card\" data-wpfs-form-id=\"Donatie\"><\/div>\n\t\t<\/div>\n\t\n        \n\t\t\t\t<div class=\"wpfs-form-check\">\n\t\t\t<input type=\"checkbox\" class=\"wpfs-form-check-input\" id=\"wpfs-terms-of-use-accepted--NTRhYmY\" name=\"wpfs-terms-of-use-accepted\" value=\"1\">\n\t\t\t<label class=\"wpfs-form-check-label\" for=\"wpfs-terms-of-use-accepted--NTRhYmY\">\n\t\t\t\tAccept <a href='https:\/\/socialfood.ro\/en\/termeni-si-conditii\/' target='_blank'>Terms of Use<\/a>\t\t\t<\/label>\n\t\t<\/div>\n\t\t\t\t\t\t\t\t\t<div class=\"wpfs-form-actions\">\n\t\t<button class=\"wpfs-btn wpfs-btn-primary wpfs-mr-2\" id=\"submit--NTRhYmY\" type=\"submit\" >Donate<\/button>\n\t\t\t\t\t<\/div>\n<input type=\"hidden\" name=\"trp-form-language\" value=\"en\"\/><\/form>\n<\/div>\n\t\t\t\t<\/div>\n\t\t\t\t<\/div>\n\t\t\t\t\t<\/div>\n\t\t<\/div>\n\t\t\t\t\t<\/div>\n\t\t<\/section>\n\t\t\t\t\t<\/div>\n\t\t<\/div>\n\t\t\t\t\t<\/div>\n\t\t<\/section>\n\t\t\t\t<\/div>","protected":false},"excerpt":{"rendered":"<p>Social Food Help us give a hot meal to vulnerable people 20 lei means one hot meal, 40 lei means two hot meals, 100 lei means 5 hot meals. Your donations help us make a noticeable difference in people's lives. Thank you for every contribution to this cause and we rely [...]<\/p>","protected":false},"author":1,"featured_media":0,"parent":0,"menu_order":0,"comment_status":"closed","ping_status":"closed","template":"elementor_header_footer","meta":{"footnotes":""},"class_list":["post-606","page","type-page","status-publish","hentry"],"yoast_head":"<!-- This site is optimized with the Yoast SEO plugin v24.0 - https:\/\/yoast.com\/wordpress\/plugins\/seo\/ -->\n<title>Doneaza o masa calda - Social Food<\/title>\n<meta name=\"robots\" content=\"index, follow, max-snippet:-1, max-image-preview:large, max-video-preview:-1\" \/>\n<link rel=\"canonical\" href=\"https:\/\/socialfood.ro\/en\/doneaza-o-masa-calda\/\" \/>\n<meta property=\"og:locale\" content=\"en_US\" \/>\n<meta property=\"og:type\" content=\"article\" \/>\n<meta property=\"og:title\" content=\"Doneaza o masa calda - Social Food\" \/>\n<meta property=\"og:description\" content=\"Social Food Ajut\u0103-ne s\u0103 oferim o mas\u0103 cald\u0103 persoanelor vulnerabile 20 de lei \u00eenseamn\u0103 o mas\u0103 cald\u0103, 40 de lei \u00eenseamn\u0103 dou\u0103 mese calde, 100 de lei \u00eenseamn\u0103 5 mese calde. Dona\u021biile voastre ne ajut\u0103 s\u0103 facem o diferen\u021b\u0103 notabil\u0103 \u00een via\u021ba unor oameni. V\u0103 mul\u021bumim pentru fiecare contribu\u021bie la aceast\u0103 cauz\u0103 \u0219i ne baz\u0103m [&hellip;]\" \/>\n<meta property=\"og:url\" content=\"https:\/\/socialfood.ro\/en\/doneaza-o-masa-calda\/\" \/>\n<meta property=\"og:site_name\" content=\"Social Food\" \/>\n<meta property=\"article:modified_time\" content=\"2024-05-07T15:07:12+00:00\" \/>\n<meta name=\"twitter:card\" content=\"summary_large_image\" \/>\n<script type=\"application\/ld+json\" class=\"yoast-schema-graph\">{\"@context\":\"https:\/\/schema.org\",\"@graph\":[{\"@type\":\"WebPage\",\"@id\":\"https:\/\/socialfood.ro\/doneaza-o-masa-calda\/\",\"url\":\"https:\/\/socialfood.ro\/doneaza-o-masa-calda\/\",\"name\":\"Doneaza o masa calda - Social Food\",\"isPartOf\":{\"@id\":\"https:\/\/socialfood.ro\/#website\"},\"datePublished\":\"2024-03-25T16:09:34+00:00\",\"dateModified\":\"2024-05-07T15:07:12+00:00\",\"breadcrumb\":{\"@id\":\"https:\/\/socialfood.ro\/doneaza-o-masa-calda\/#breadcrumb\"},\"inLanguage\":\"en-US\",\"potentialAction\":[{\"@type\":\"ReadAction\",\"target\":[\"https:\/\/socialfood.ro\/doneaza-o-masa-calda\/\"]}]},{\"@type\":\"BreadcrumbList\",\"@id\":\"https:\/\/socialfood.ro\/doneaza-o-masa-calda\/#breadcrumb\",\"itemListElement\":[{\"@type\":\"ListItem\",\"position\":1,\"name\":\"Prima pagin\u0103\",\"item\":\"https:\/\/socialfood.ro\/\"},{\"@type\":\"ListItem\",\"position\":2,\"name\":\"Doneaza o masa calda\"}]},{\"@type\":\"WebSite\",\"@id\":\"https:\/\/socialfood.ro\/#website\",\"url\":\"https:\/\/socialfood.ro\/\",\"name\":\"Social Food\",\"description\":\"Doneaz\u0103\",\"publisher\":{\"@id\":\"https:\/\/socialfood.ro\/#organization\"},\"potentialAction\":[{\"@type\":\"SearchAction\",\"target\":{\"@type\":\"EntryPoint\",\"urlTemplate\":\"https:\/\/socialfood.ro\/?s={search_term_string}\"},\"query-input\":{\"@type\":\"PropertyValueSpecification\",\"valueRequired\":true,\"valueName\":\"search_term_string\"}}],\"inLanguage\":\"en-US\"},{\"@type\":\"Organization\",\"@id\":\"https:\/\/socialfood.ro\/#organization\",\"name\":\"Social Food\",\"url\":\"https:\/\/socialfood.ro\/\",\"logo\":{\"@type\":\"ImageObject\",\"inLanguage\":\"en-US\",\"@id\":\"https:\/\/socialfood.ro\/#\/schema\/logo\/image\/\",\"url\":\"https:\/\/socialfood.ro\/wp-content\/uploads\/2024\/03\/651a6e094fa826fe826195ad_Fanion.svg\",\"contentUrl\":\"https:\/\/socialfood.ro\/wp-content\/uploads\/2024\/03\/651a6e094fa826fe826195ad_Fanion.svg\",\"width\":359,\"height\":282,\"caption\":\"Social Food\"},\"image\":{\"@id\":\"https:\/\/socialfood.ro\/#\/schema\/logo\/image\/\"}}]}<\/script>\n<!-- \/ Yoast SEO plugin. -->","yoast_head_json":{"title":"Doneaza o masa calda - Social Food","robots":{"index":"index","follow":"follow","max-snippet":"max-snippet:-1","max-image-preview":"max-image-preview:large","max-video-preview":"max-video-preview:-1"},"canonical":"https:\/\/socialfood.ro\/en\/doneaza-o-masa-calda\/","og_locale":"en_US","og_type":"article","og_title":"Doneaza o masa calda - Social Food","og_description":"Social Food Ajut\u0103-ne s\u0103 oferim o mas\u0103 cald\u0103 persoanelor vulnerabile 20 de lei \u00eenseamn\u0103 o mas\u0103 cald\u0103, 40 de lei \u00eenseamn\u0103 dou\u0103 mese calde, 100 de lei \u00eenseamn\u0103 5 mese calde. Dona\u021biile voastre ne ajut\u0103 s\u0103 facem o diferen\u021b\u0103 notabil\u0103 \u00een via\u021ba unor oameni. V\u0103 mul\u021bumim pentru fiecare contribu\u021bie la aceast\u0103 cauz\u0103 \u0219i ne baz\u0103m [&hellip;]","og_url":"https:\/\/socialfood.ro\/en\/doneaza-o-masa-calda\/","og_site_name":"Social Food","article_modified_time":"2024-05-07T15:07:12+00:00","twitter_card":"summary_large_image","schema":{"@context":"https:\/\/schema.org","@graph":[{"@type":"WebPage","@id":"https:\/\/socialfood.ro\/doneaza-o-masa-calda\/","url":"https:\/\/socialfood.ro\/doneaza-o-masa-calda\/","name":"Doneaza o masa calda - Social Food","isPartOf":{"@id":"https:\/\/socialfood.ro\/#website"},"datePublished":"2024-03-25T16:09:34+00:00","dateModified":"2024-05-07T15:07:12+00:00","breadcrumb":{"@id":"https:\/\/socialfood.ro\/doneaza-o-masa-calda\/#breadcrumb"},"inLanguage":"en-US","potentialAction":[{"@type":"ReadAction","target":["https:\/\/socialfood.ro\/doneaza-o-masa-calda\/"]}]},{"@type":"BreadcrumbList","@id":"https:\/\/socialfood.ro\/doneaza-o-masa-calda\/#breadcrumb","itemListElement":[{"@type":"ListItem","position":1,"name":"Prima pagin\u0103","item":"https:\/\/socialfood.ro\/"},{"@type":"ListItem","position":2,"name":"Doneaza o masa calda"}]},{"@type":"WebSite","@id":"https:\/\/socialfood.ro\/#website","url":"https:\/\/socialfood.ro\/","name":"Social Food","description":"Doneaz\u0103","publisher":{"@id":"https:\/\/socialfood.ro\/#organization"},"potentialAction":[{"@type":"SearchAction","target":{"@type":"EntryPoint","urlTemplate":"https:\/\/socialfood.ro\/?s={search_term_string}"},"query-input":{"@type":"PropertyValueSpecification","valueRequired":true,"valueName":"search_term_string"}}],"inLanguage":"en-US"},{"@type":"Organization","@id":"https:\/\/socialfood.ro\/#organization","name":"Social Food","url":"https:\/\/socialfood.ro\/","logo":{"@type":"ImageObject","inLanguage":"en-US","@id":"https:\/\/socialfood.ro\/#\/schema\/logo\/image\/","url":"https:\/\/socialfood.ro\/wp-content\/uploads\/2024\/03\/651a6e094fa826fe826195ad_Fanion.svg","contentUrl":"https:\/\/socialfood.ro\/wp-content\/uploads\/2024\/03\/651a6e094fa826fe826195ad_Fanion.svg","width":359,"height":282,"caption":"Social Food"},"image":{"@id":"https:\/\/socialfood.ro\/#\/schema\/logo\/image\/"}}]}},"_links":{"self":[{"href":"https:\/\/socialfood.ro\/en\/wp-json\/wp\/v2\/pages\/606","targetHints":{"allow":["GET"]}}],"collection":[{"href":"https:\/\/socialfood.ro\/en\/wp-json\/wp\/v2\/pages"}],"about":[{"href":"https:\/\/socialfood.ro\/en\/wp-json\/wp\/v2\/types\/page"}],"author":[{"embeddable":true,"href":"https:\/\/socialfood.ro\/en\/wp-json\/wp\/v2\/users\/1"}],"replies":[{"embeddable":true,"href":"https:\/\/socialfood.ro\/en\/wp-json\/wp\/v2\/comments?post=606"}],"version-history":[{"count":75,"href":"https:\/\/socialfood.ro\/en\/wp-json\/wp\/v2\/pages\/606\/revisions"}],"predecessor-version":[{"id":1417,"href":"https:\/\/socialfood.ro\/en\/wp-json\/wp\/v2\/pages\/606\/revisions\/1417"}],"wp:attachment":[{"href":"https:\/\/socialfood.ro\/en\/wp-json\/wp\/v2\/media?parent=606"}],"curies":[{"name":"wp","href":"https:\/\/api.w.org\/{rel}","templated":true}]}}