{"id":452,"date":"2024-03-22T17:17:01","date_gmt":"2024-03-22T17:17:01","guid":{"rendered":"https:\/\/socialfood.ro\/?page_id=452"},"modified":"2024-04-05T07:49:36","modified_gmt":"2024-04-05T07:49:36","slug":"termeni-si-conditii","status":"publish","type":"page","link":"https:\/\/socialfood.ro\/en\/termeni-si-conditii\/","title":{"rendered":"Terms and conditions"},"content":{"rendered":"<div data-elementor-type=\"wp-page\" data-elementor-id=\"452\" class=\"elementor elementor-452\" data-elementor-post-type=\"page\">\n\t\t\t\t\t\t<section class=\"elementor-section elementor-top-section elementor-element elementor-element-b85dfe8 elementor-section-boxed elementor-section-height-default elementor-section-height-default\" data-id=\"b85dfe8\" data-element_type=\"section\">\n\t\t\t\t\t\t<div class=\"elementor-container elementor-column-gap-default\">\n\t\t\t\t\t<div class=\"elementor-column elementor-col-100 elementor-top-column elementor-element elementor-element-3644b30\" data-id=\"3644b30\" data-element_type=\"column\">\n\t\t\t<div class=\"elementor-widget-wrap elementor-element-populated\">\n\t\t\t\t\t\t<div class=\"elementor-element elementor-element-05880e3 elementor-invisible elementor-widget elementor-widget-heading\" data-id=\"05880e3\" data-element_type=\"widget\" data-settings=\"{&quot;_animation&quot;:&quot;slideInUp&quot;}\" data-widget_type=\"heading.default\">\n\t\t\t\t<div class=\"elementor-widget-container\">\n\t\t\t<h2 class=\"elementor-heading-title elementor-size-default\">Terms and conditions<\/h2>\t\t<\/div>\n\t\t\t\t<\/div>\n\t\t\t\t<div class=\"elementor-element elementor-element-231c4c1 elementor-widget elementor-widget-text-editor\" data-id=\"231c4c1\" data-element_type=\"widget\" data-widget_type=\"text-editor.default\">\n\t\t\t\t<div class=\"elementor-widget-container\">\n\t\t\t\t\t\t\t<p>Website <strong>www.socialfood.ro<\/strong> also hosts the Association's online fundraising platform for health projects <strong>Black Sea FooDignity<\/strong>, with registered office in Bucharest, Str. Johannes K. Kepler, nr. 27, et. 1, ap. 2, sector 2, CUI 34202594.<\/p>\t\t\t\t\t\t<\/div>\n\t\t\t\t<\/div>\n\t\t\t\t<div class=\"elementor-element elementor-element-01bd730 elementor-invisible elementor-widget elementor-widget-heading\" data-id=\"01bd730\" data-element_type=\"widget\" data-settings=\"{&quot;_animation&quot;:&quot;slideInUp&quot;}\" data-widget_type=\"heading.default\">\n\t\t\t\t<div class=\"elementor-widget-container\">\n\t\t\t<h2 class=\"elementor-heading-title elementor-size-default\">For companies:<\/h2>\t\t<\/div>\n\t\t\t\t<\/div>\n\t\t\t\t<div class=\"elementor-element elementor-element-2772240 elementor-widget elementor-widget-text-editor\" data-id=\"2772240\" data-element_type=\"widget\" data-widget_type=\"text-editor.default\">\n\t\t\t\t<div class=\"elementor-widget-container\">\n\t\t\t\t\t\t\t<p>On the website <strong>www.socialfood.ro,<\/strong> any company can fill in the Sponsorship Contract for the redirection of 20% from corporate income tax with all the necessary data. The data will remain recorded, so that the next time you access the Contract, after entering the CUI, it will be automatically filled in with the company data.<\/p>\t\t\t\t\t\t<\/div>\n\t\t\t\t<\/div>\n\t\t\t\t<div class=\"elementor-element elementor-element-353cd70 elementor-widget elementor-widget-text-editor\" data-id=\"353cd70\" data-element_type=\"widget\" data-widget_type=\"text-editor.default\">\n\t\t\t\t<div class=\"elementor-widget-container\">\n\t\t\t\t\t\t\t<p>You will also receive an e-mail with the contract attached, which will automatically fill in the amount (amount entered by the sponsor when filling in the online form) and the date of sponsorship. The value of the sponsorship contract can be paid either online, on the platform, or by bank transfer to the Association's account <strong>Black Sea FooDignity.<\/strong><\/p>\t\t\t\t\t\t<\/div>\n\t\t\t\t<\/div>\n\t\t\t\t<div class=\"elementor-element elementor-element-fcf63b6 elementor-invisible elementor-widget elementor-widget-heading\" data-id=\"fcf63b6\" data-element_type=\"widget\" data-settings=\"{&quot;_animation&quot;:&quot;slideInUp&quot;}\" data-widget_type=\"heading.default\">\n\t\t\t\t<div class=\"elementor-widget-container\">\n\t\t\t<h2 class=\"elementor-heading-title elementor-size-default\">For individuals:<\/h2>\t\t<\/div>\n\t\t\t\t<\/div>\n\t\t\t\t<div class=\"elementor-element elementor-element-a85f913 elementor-widget elementor-widget-text-editor\" data-id=\"a85f913\" data-element_type=\"widget\" data-widget_type=\"text-editor.default\">\n\t\t\t\t<div class=\"elementor-widget-container\">\n\t\t\t\t\t\t\tIn case of a monthly investment, money will be deducted from your account every month. In the first e-mail, in which you become a monthly investor, you will receive an unsubscribe link, which you can use if you wish to unsubscribe.\t\t\t\t\t\t<\/div>\n\t\t\t\t<\/div>\n\t\t\t\t<div class=\"elementor-element elementor-element-8b501a0 elementor-widget elementor-widget-text-editor\" data-id=\"8b501a0\" data-element_type=\"widget\" data-widget_type=\"text-editor.default\">\n\t\t\t\t<div class=\"elementor-widget-container\">\n\t\t\t\t\t\t\tWe reserve the right to make changes to these Terms and Conditions, as well as any changes to the www.bsfda.ro website, without prior notice. By visiting the Terms and Conditions page, you can always read the most recent version of these provisions.\t\t\t\t\t\t<\/div>\n\t\t\t\t<\/div>\n\t\t\t\t<div class=\"elementor-element elementor-element-cb1300e elementor-invisible elementor-widget elementor-widget-heading\" data-id=\"cb1300e\" data-element_type=\"widget\" data-settings=\"{&quot;_animation&quot;:&quot;slideInUp&quot;}\" data-widget_type=\"heading.default\">\n\t\t\t\t<div class=\"elementor-widget-container\">\n\t\t\t<h2 class=\"elementor-heading-title elementor-size-default\">Terms:\n<\/h2>\t\t<\/div>\n\t\t\t\t<\/div>\n\t\t\t\t<div class=\"elementor-element elementor-element-3768f3e elementor-widget elementor-widget-text-editor\" data-id=\"3768f3e\" data-element_type=\"widget\" data-widget_type=\"text-editor.default\">\n\t\t\t\t<div class=\"elementor-widget-container\">\n\t\t\t\t\t\t\t<p>Throughout this document, the following terms are translated as follows:<\/p><ul><li><strong>Website<\/strong>: portal owned and managed by\u00a0<strong>Black Sea FooDignity<\/strong>which can be found at\u00a0<strong>www.socialfood.ro.<\/strong><\/li><li><strong>Site content<\/strong>: any material and information published on the site in any form - text, photos, graphics, audio, video, etc.<\/li><li><strong>User<\/strong>: person who accesses the site and has accepted the terms and conditions of use of this site.<\/li><li><strong>Misuse<\/strong>: using the site without respecting the regulations and legislation in force or in any other way that may harm the Association.<\/li><li><strong>Site content, Copyright<\/strong>Platform\u00a0<strong>www.socialfood.ro<\/strong>\u00a0contains own texts and reports or information materials produced with the support of partners\u00a0<strong>Black Sea FooDignity<\/strong>.<\/li><\/ul><p>Site content\u00a0<strong>www.socialfood.ro<\/strong>\u00a0is presented in good faith. Each user accesses the content of the platform at his\/her own risk and the Association\u00a0<strong>Black Sea FooDignity<\/strong>\u00a0cannot be held liable for any negative consequences that may result from use. Accessing the platform\u00a0<strong>www.socialfood.ro<\/strong> is open to people of any age. We take no responsibility for donations made by persons under the age of 18. Site content\u00a0<strong>www.socialfood.ro<\/strong>\u00a0(text, images, video material existing on the website and in the programming codes) are the intellectual property of the Association\u00a0<strong>Black Sea FooDignity<\/strong> and are protected by Law 8\/1996 on copyright and related rights. These materials may be copied or reproduced only with acknowledgement of the source (Association\u00a0<strong>Black Sea FooDignity<\/strong>) Persons who notice violations of these rules on the website are kindly asked to inform us at\u00a0<strong>office@socialfood.ro<\/strong>. The above rules do not apply to material available in the \"<strong>Promote us<\/strong>\". The logo is the exclusive property of the Association\u00a0<strong>Black Sea FooDignity<\/strong>\u00a0and may not be copied and reproduced without the written consent of the Association.<\/p>\t\t\t\t\t\t<\/div>\n\t\t\t\t<\/div>\n\t\t\t\t<div class=\"elementor-element elementor-element-2de965e elementor-invisible elementor-widget elementor-widget-heading\" data-id=\"2de965e\" data-element_type=\"widget\" data-settings=\"{&quot;_animation&quot;:&quot;slideInUp&quot;}\" data-widget_type=\"heading.default\">\n\t\t\t\t<div class=\"elementor-widget-container\">\n\t\t\t<h2 class=\"elementor-heading-title elementor-size-default\">Terms:<\/h2>\t\t<\/div>\n\t\t\t\t<\/div>\n\t\t\t\t<div class=\"elementor-element elementor-element-7bc5258 elementor-widget elementor-widget-text-editor\" data-id=\"7bc5258\" data-element_type=\"widget\" data-widget_type=\"text-editor.default\">\n\t\t\t\t<div class=\"elementor-widget-container\">\n\t\t\t\t\t\t\t<p>Platform\u00a0<strong>www.socialfood.ro<\/strong>\u00a0contains links to other websites, which are displayed in the \"Press\" section in good faith, following internal monitoring. Association\u00a0<strong>Black Sea FooDignity<\/strong>\u00a0is not responsible for the content of off-platform websites\u00a0<strong>www.socialfood.ro<\/strong>. Connection to off-platform content is at the user's own risk<\/p>\t\t\t\t\t\t<\/div>\n\t\t\t\t<\/div>\n\t\t\t\t<div class=\"elementor-element elementor-element-e7585ff elementor-invisible elementor-widget elementor-widget-heading\" data-id=\"e7585ff\" data-element_type=\"widget\" data-settings=\"{&quot;_animation&quot;:&quot;slideInUp&quot;}\" data-widget_type=\"heading.default\">\n\t\t\t\t<div class=\"elementor-widget-container\">\n\t\t\t<h2 class=\"elementor-heading-title elementor-size-default\">Privacy Policy:<\/h2>\t\t<\/div>\n\t\t\t\t<\/div>\n\t\t\t\t<div class=\"elementor-element elementor-element-c69a096 elementor-widget elementor-widget-text-editor\" data-id=\"c69a096\" data-element_type=\"widget\" data-widget_type=\"text-editor.default\">\n\t\t\t\t<div class=\"elementor-widget-container\">\n\t\t\t\t\t\t\t<p>Personal data may be disclosed without the user's consent in case of litigation\/disputes regarding payment fraud to the following recipients: banks involved in online payments, international card organizations and service\/product providers, respectively, according to the law, to the authorized institutions. According to the provisions of Law no. 677\/2001, our donors have the following rights:<\/p><ul><li><strong>Right to information\u00a0<\/strong>(Art. 12)<\/li><li><strong style=\"font-size: 16px;\">Right of access to data<\/strong><span style=\"font-size: 16px;\"> (Art. 13) - the right to obtain, on request and free of charge, for one request per year, confirmation as to whether or not data relating to him\/her are being processed by the data controller.<\/span><\/li><li><strong style=\"font-size: 16px;\">Right to intervene<\/strong><span style=\"font-size: 16px;\">\u00a0(Art. 14) - the right to request the following from the data controller, by written request and free of charge:<\/span><ul><li>rectification, updating, blocking or erasure of incomplete, inaccurate or unlawfully processed data;<\/li><li>anonymization of unlawful personal data;<\/li><li>notifying third parties of the operations referred to in points a) and b).<\/li><\/ul><\/li><li><strong style=\"font-size: 16px;\">Right to oppose<\/strong><span style=\"font-size: 16px;\"> (Art. 15) - the right to object, free of charge and on written request, on compelling legitimate grounds relating to his or her particular situation, to the processing of data relating to him or her.<\/span><\/li><li><strong style=\"font-size: 16px;\">Right to go to court<\/strong><span style=\"font-size: 16px;\"> (art. 18) - the right to go to court to defend rights guaranteed by law that have been violated.<\/span><\/li><li><strong style=\"font-size: 16px;\">Right to complain to the supervisory authority\u00a0<\/strong><span style=\"font-size: 16px;\">(Art. 25)<\/span><strong style=\"font-size: 16px;\">.<\/strong><\/li><\/ul>\t\t\t\t\t\t<\/div>\n\t\t\t\t<\/div>\n\t\t\t\t<div class=\"elementor-element elementor-element-faed492 elementor-invisible elementor-widget elementor-widget-heading\" data-id=\"faed492\" data-element_type=\"widget\" data-settings=\"{&quot;_animation&quot;:&quot;slideInUp&quot;}\" data-widget_type=\"heading.default\">\n\t\t\t\t<div class=\"elementor-widget-container\">\n\t\t\t<h2 class=\"elementor-heading-title elementor-size-default\">Donations:<\/h2>\t\t<\/div>\n\t\t\t\t<\/div>\n\t\t\t\t<div class=\"elementor-element elementor-element-97285aa elementor-widget elementor-widget-text-editor\" data-id=\"97285aa\" data-element_type=\"widget\" data-widget_type=\"text-editor.default\">\n\t\t\t\t<div class=\"elementor-widget-container\">\n\t\t\t\t\t\t\t<p><strong>Donate by card<br \/><\/strong>In the case of card payments, this is done securely via the platform\u00a0<strong>www.socialfood.ro<\/strong>. For the use of this method, the donor has the possibility to select the amount he\/she wishes to donate, which will be withdrawn from the bank card indicated by the donor. In using donation by card, the donor undertakes that he\/she will provide true, correct, current and complete information. If we consider that this obligation has been breached, we reserve the right to block access, for a fixed or indefinite period, without prior notice.<\/p><p><strong>Donate via Paypal<br \/><\/strong>In the case of payment via Paypal, the user is directed to his personal Paypal account where he will make the donation. To use this method, the user must have a Paypal account at the time of the donation. To use this method, the user has the possibility to select the amount he\/she wishes to donate and which will be withdrawn from the Paypal account.<\/p><p><strong>Donate by bank transfer<br \/><\/strong>The donation by bank transfer will be made to one of the Association's accounts\u00a0<strong>Black Sea FooDignity<\/strong>:<\/p><ul role=\"list\"><li><strong>RON ACCOUNT:<\/strong>\u00a0RO35BTRLRONCRT0283039401<\/li><li><strong>EUR ACCOUNT:<\/strong>\u00a0RO82BTRLEURCRT0283039401<\/li><li><strong>ACCOUNT USD:<\/strong>\u00a0RO86BTRLUSDCRT0283039401<\/li><\/ul>\t\t\t\t\t\t<\/div>\n\t\t\t\t<\/div>\n\t\t\t\t<div class=\"elementor-element elementor-element-6bab42a elementor-invisible elementor-widget elementor-widget-heading\" data-id=\"6bab42a\" data-element_type=\"widget\" data-settings=\"{&quot;_animation&quot;:&quot;slideInUp&quot;}\" data-widget_type=\"heading.default\">\n\t\t\t\t<div class=\"elementor-widget-container\">\n\t\t\t<h2 class=\"elementor-heading-title elementor-size-default\">Messages and information:<\/h2>\t\t<\/div>\n\t\t\t\t<\/div>\n\t\t\t\t<div class=\"elementor-element elementor-element-2e8240f elementor-widget elementor-widget-text-editor\" data-id=\"2e8240f\" data-element_type=\"widget\" data-widget_type=\"text-editor.default\">\n\t\t\t\t<div class=\"elementor-widget-container\">\n\t\t\t\t\t\t\t<p>Registered platform users\u00a0<strong>www.socialfood.ro<\/strong>\u00a0may, from time to time, receive notifications from the website, the\u00a0<strong>Black Sea FooDignity<\/strong>\u00a0or its sponsors and partners, only in the case of a communication related to the platform\u00a0<strong>www.socialfood.ro.<\/strong>\u00a0If you do not wish to receive such messages, you can notify us at\u00a0<strong>office@socialfood.ro<\/strong>.<\/p><p><strong>Litigation<\/strong><br \/>Romanian law shall govern the above Terms and Conditions and any dispute of any kind that may arise between the user and the Association\u00a0<strong>Black Sea FooDignity<\/strong>. In the event of any conflict between the Association\u00a0<strong>Black Sea FooDignity<\/strong> and its donors, an attempt will first be made to resolve them amicably within a minimum of 30 working days. If an amicable resolution is not possible, the conflict will be settled by the competent court in accordance with the Romanian laws in force.<\/p><p><strong>Miscellaneous<\/strong>:<\/p><ul role=\"list\"><li>Should any of the above clauses be found to be void or invalid for any reason whatsoever, this shall not affect the validity of the remaining clauses. With the launch of the donation, the user will accept without objection the Terms and Conditions of Use, the value of which is the same as a valid contract concluded.<\/li><li>By agreeing to the above Terms and Conditions, the donor fully assumes all rights and obligations arising from accessing the platform\u00a0<strong>www.socialfood.ro.<\/strong><\/li><li>For any details or questions, please contact us by e-mail at\u00a0<strong>office@socialfood.ro<\/strong>.<\/li><\/ul>\t\t\t\t\t\t<\/div>\n\t\t\t\t<\/div>\n\t\t\t\t\t<\/div>\n\t\t<\/div>\n\t\t\t\t\t<\/div>\n\t\t<\/section>\n\t\t\t\t<\/div>","protected":false},"excerpt":{"rendered":"<p>Terms and Conditions The www.socialfood.ro website also hosts the online fundraising platform for health projects of the Black Sea FooDignity Association, based in Bucharest, Str. Johannes K. Kepler, nr. 27, et. 1, ap. 2, sector 2, CUI 34202594. For companies: on the website www.socialfood.ro, any company can fill in the Sponsorship Contract for the [...]<\/p>","protected":false},"author":1,"featured_media":0,"parent":0,"menu_order":0,"comment_status":"closed","ping_status":"closed","template":"elementor_header_footer","meta":{"footnotes":""},"class_list":["post-452","page","type-page","status-publish","hentry"],"yoast_head":"<!-- This site is optimized with the Yoast SEO plugin v24.0 - https:\/\/yoast.com\/wordpress\/plugins\/seo\/ -->\n<title>Termeni-si-conditii - Social Food<\/title>\n<meta name=\"robots\" content=\"index, follow, max-snippet:-1, max-image-preview:large, max-video-preview:-1\" \/>\n<link rel=\"canonical\" href=\"https:\/\/socialfood.ro\/en\/termeni-si-conditii\/\" \/>\n<meta property=\"og:locale\" content=\"en_US\" \/>\n<meta property=\"og:type\" content=\"article\" \/>\n<meta property=\"og:title\" content=\"Termeni-si-conditii - Social Food\" \/>\n<meta property=\"og:description\" content=\"Termeni \u0219i condi\u021bii Site-ul www.socialfood.ro g\u0103zduie\u0219te \u0219i platforma online de str\u00e2ngere de fonduri, pentru proiecte din domeniul s\u0103n\u0103t\u0103\u021bii, a Asocia\u021biei Black Sea FooDignity, cu sediul \u00een Bucuresti, Str. Johannes K. Kepler, nr. 27, et. 1, ap. 2, sector 2, CUI 34202594. Pentru companii: Pe site-ul www.socialfood.ro, orice companie poate completa Contractul de sponsorizare pentru redirec\u021bionarea [&hellip;]\" \/>\n<meta property=\"og:url\" content=\"https:\/\/socialfood.ro\/en\/termeni-si-conditii\/\" \/>\n<meta property=\"og:site_name\" content=\"Social Food\" \/>\n<meta property=\"article:modified_time\" content=\"2024-04-05T07:49:36+00:00\" \/>\n<meta name=\"twitter:card\" content=\"summary_large_image\" \/>\n<meta name=\"twitter:label1\" content=\"Est. reading time\" \/>\n\t<meta name=\"twitter:data1\" content=\"7 minutes\" \/>\n<script type=\"application\/ld+json\" class=\"yoast-schema-graph\">{\"@context\":\"https:\/\/schema.org\",\"@graph\":[{\"@type\":\"WebPage\",\"@id\":\"https:\/\/socialfood.ro\/termeni-si-conditii\/\",\"url\":\"https:\/\/socialfood.ro\/termeni-si-conditii\/\",\"name\":\"Termeni-si-conditii - Social Food\",\"isPartOf\":{\"@id\":\"https:\/\/socialfood.ro\/#website\"},\"datePublished\":\"2024-03-22T17:17:01+00:00\",\"dateModified\":\"2024-04-05T07:49:36+00:00\",\"breadcrumb\":{\"@id\":\"https:\/\/socialfood.ro\/termeni-si-conditii\/#breadcrumb\"},\"inLanguage\":\"en-US\",\"potentialAction\":[{\"@type\":\"ReadAction\",\"target\":[\"https:\/\/socialfood.ro\/termeni-si-conditii\/\"]}]},{\"@type\":\"BreadcrumbList\",\"@id\":\"https:\/\/socialfood.ro\/termeni-si-conditii\/#breadcrumb\",\"itemListElement\":[{\"@type\":\"ListItem\",\"position\":1,\"name\":\"Prima pagin\u0103\",\"item\":\"https:\/\/socialfood.ro\/\"},{\"@type\":\"ListItem\",\"position\":2,\"name\":\"Termeni-si-conditii\"}]},{\"@type\":\"WebSite\",\"@id\":\"https:\/\/socialfood.ro\/#website\",\"url\":\"https:\/\/socialfood.ro\/\",\"name\":\"Social Food\",\"description\":\"Doneaz\u0103\",\"publisher\":{\"@id\":\"https:\/\/socialfood.ro\/#organization\"},\"potentialAction\":[{\"@type\":\"SearchAction\",\"target\":{\"@type\":\"EntryPoint\",\"urlTemplate\":\"https:\/\/socialfood.ro\/?s={search_term_string}\"},\"query-input\":{\"@type\":\"PropertyValueSpecification\",\"valueRequired\":true,\"valueName\":\"search_term_string\"}}],\"inLanguage\":\"en-US\"},{\"@type\":\"Organization\",\"@id\":\"https:\/\/socialfood.ro\/#organization\",\"name\":\"Social Food\",\"url\":\"https:\/\/socialfood.ro\/\",\"logo\":{\"@type\":\"ImageObject\",\"inLanguage\":\"en-US\",\"@id\":\"https:\/\/socialfood.ro\/#\/schema\/logo\/image\/\",\"url\":\"https:\/\/socialfood.ro\/wp-content\/uploads\/2024\/03\/651a6e094fa826fe826195ad_Fanion.svg\",\"contentUrl\":\"https:\/\/socialfood.ro\/wp-content\/uploads\/2024\/03\/651a6e094fa826fe826195ad_Fanion.svg\",\"width\":359,\"height\":282,\"caption\":\"Social Food\"},\"image\":{\"@id\":\"https:\/\/socialfood.ro\/#\/schema\/logo\/image\/\"}}]}<\/script>\n<!-- \/ Yoast SEO plugin. -->","yoast_head_json":{"title":"Termeni-si-conditii - Social Food","robots":{"index":"index","follow":"follow","max-snippet":"max-snippet:-1","max-image-preview":"max-image-preview:large","max-video-preview":"max-video-preview:-1"},"canonical":"https:\/\/socialfood.ro\/en\/termeni-si-conditii\/","og_locale":"en_US","og_type":"article","og_title":"Termeni-si-conditii - Social Food","og_description":"Termeni \u0219i condi\u021bii Site-ul www.socialfood.ro g\u0103zduie\u0219te \u0219i platforma online de str\u00e2ngere de fonduri, pentru proiecte din domeniul s\u0103n\u0103t\u0103\u021bii, a Asocia\u021biei Black Sea FooDignity, cu sediul \u00een Bucuresti, Str. Johannes K. Kepler, nr. 27, et. 1, ap. 2, sector 2, CUI 34202594. Pentru companii: Pe site-ul www.socialfood.ro, orice companie poate completa Contractul de sponsorizare pentru redirec\u021bionarea [&hellip;]","og_url":"https:\/\/socialfood.ro\/en\/termeni-si-conditii\/","og_site_name":"Social Food","article_modified_time":"2024-04-05T07:49:36+00:00","twitter_card":"summary_large_image","twitter_misc":{"Est. reading time":"7 minutes"},"schema":{"@context":"https:\/\/schema.org","@graph":[{"@type":"WebPage","@id":"https:\/\/socialfood.ro\/termeni-si-conditii\/","url":"https:\/\/socialfood.ro\/termeni-si-conditii\/","name":"Termeni-si-conditii - Social Food","isPartOf":{"@id":"https:\/\/socialfood.ro\/#website"},"datePublished":"2024-03-22T17:17:01+00:00","dateModified":"2024-04-05T07:49:36+00:00","breadcrumb":{"@id":"https:\/\/socialfood.ro\/termeni-si-conditii\/#breadcrumb"},"inLanguage":"en-US","potentialAction":[{"@type":"ReadAction","target":["https:\/\/socialfood.ro\/termeni-si-conditii\/"]}]},{"@type":"BreadcrumbList","@id":"https:\/\/socialfood.ro\/termeni-si-conditii\/#breadcrumb","itemListElement":[{"@type":"ListItem","position":1,"name":"Prima pagin\u0103","item":"https:\/\/socialfood.ro\/"},{"@type":"ListItem","position":2,"name":"Termeni-si-conditii"}]},{"@type":"WebSite","@id":"https:\/\/socialfood.ro\/#website","url":"https:\/\/socialfood.ro\/","name":"Social Food","description":"Doneaz\u0103","publisher":{"@id":"https:\/\/socialfood.ro\/#organization"},"potentialAction":[{"@type":"SearchAction","target":{"@type":"EntryPoint","urlTemplate":"https:\/\/socialfood.ro\/?s={search_term_string}"},"query-input":{"@type":"PropertyValueSpecification","valueRequired":true,"valueName":"search_term_string"}}],"inLanguage":"en-US"},{"@type":"Organization","@id":"https:\/\/socialfood.ro\/#organization","name":"Social Food","url":"https:\/\/socialfood.ro\/","logo":{"@type":"ImageObject","inLanguage":"en-US","@id":"https:\/\/socialfood.ro\/#\/schema\/logo\/image\/","url":"https:\/\/socialfood.ro\/wp-content\/uploads\/2024\/03\/651a6e094fa826fe826195ad_Fanion.svg","contentUrl":"https:\/\/socialfood.ro\/wp-content\/uploads\/2024\/03\/651a6e094fa826fe826195ad_Fanion.svg","width":359,"height":282,"caption":"Social Food"},"image":{"@id":"https:\/\/socialfood.ro\/#\/schema\/logo\/image\/"}}]}},"_links":{"self":[{"href":"https:\/\/socialfood.ro\/en\/wp-json\/wp\/v2\/pages\/452","targetHints":{"allow":["GET"]}}],"collection":[{"href":"https:\/\/socialfood.ro\/en\/wp-json\/wp\/v2\/pages"}],"about":[{"href":"https:\/\/socialfood.ro\/en\/wp-json\/wp\/v2\/types\/page"}],"author":[{"embeddable":true,"href":"https:\/\/socialfood.ro\/en\/wp-json\/wp\/v2\/users\/1"}],"replies":[{"embeddable":true,"href":"https:\/\/socialfood.ro\/en\/wp-json\/wp\/v2\/comments?post=452"}],"version-history":[{"count":70,"href":"https:\/\/socialfood.ro\/en\/wp-json\/wp\/v2\/pages\/452\/revisions"}],"predecessor-version":[{"id":1126,"href":"https:\/\/socialfood.ro\/en\/wp-json\/wp\/v2\/pages\/452\/revisions\/1126"}],"wp:attachment":[{"href":"https:\/\/socialfood.ro\/en\/wp-json\/wp\/v2\/media?parent=452"}],"curies":[{"name":"wp","href":"https:\/\/api.w.org\/{rel}","templated":true}]}}